{"id":901,"date":"2020-11-16T11:06:50","date_gmt":"2020-11-16T11:06:50","guid":{"rendered":"https:\/\/orobrands.es\/?page_id=901"},"modified":"2020-11-16T15:59:39","modified_gmt":"2020-11-16T15:59:39","slug":"press-and-news","status":"publish","type":"page","link":"https:\/\/orobrands.es\/en\/press-and-news\/","title":{"rendered":"Press and news"},"content":{"rendered":"[vc_row type=&#8221;in_container&#8221; full_screen_row_position=&#8221;middle&#8221; column_margin=&#8221;default&#8221; column_direction=&#8221;default&#8221; column_direction_tablet=&#8221;default&#8221; column_direction_phone=&#8221;default&#8221; scene_position=&#8221;center&#8221; top_padding=&#8221;3%&#8221; bottom_padding=&#8221;3%&#8221; text_color=&#8221;dark&#8221; text_align=&#8221;left&#8221; row_border_radius=&#8221;none&#8221; row_border_radius_applies=&#8221;bg&#8221; overlay_strength=&#8221;0.3&#8243; gradient_direction=&#8221;left_to_right&#8221; shape_divider_color=&#8221;#89a399&#8243; shape_divider_position=&#8221;both&#8221; bg_image_animation=&#8221;none&#8221; shape_type=&#8221;waves_opacity_alt&#8221;][vc_column column_padding=&#8221;no-extra-padding&#8221; column_padding_tablet=&#8221;inherit&#8221; column_padding_phone=&#8221;inherit&#8221; column_padding_position=&#8221;all&#8221; background_color_opacity=&#8221;1&#8243; background_hover_color_opacity=&#8221;1&#8243; column_shadow=&#8221;none&#8221; column_border_radius=&#8221;none&#8221; column_link_target=&#8221;_self&#8221; gradient_direction=&#8221;left_to_right&#8221; overlay_strength=&#8221;0.3&#8243; width=&#8221;1\/1&#8243; tablet_width_inherit=&#8221;default&#8221; tablet_text_alignment=&#8221;default&#8221; phone_text_alignment=&#8221;default&#8221; column_border_width=&#8221;none&#8221; column_border_style=&#8221;solid&#8221; bg_image_animation=&#8221;none&#8221;][recent_posts style=&#8221;single_large_featured&#8221; large_featured_padding=&#8221;10%&#8221; button_color=&#8221;Accent-Color&#8221; bg_overlay=&#8221;diagonal_gradient&#8221; category=&#8221;press-and-news&#8221; order=&#8221;DESC&#8221; orderby=&#8221;date&#8221; image_loading=&#8221;default&#8221; blog_remove_post_author=&#8221;true&#8221; blog_remove_post_comment_number=&#8221;true&#8221; blog_remove_post_nectar_love=&#8221;true&#8221;][divider line_type=&#8221;No Line&#8221; custom_height=&#8221;40&#8243;][nectar_blog layout=&#8221;masonry-blog-fullwidth&#8221; blog_masonry_style=&#8221;classic_enhanced&#8221; load_in_animation=&#8221;none&#8221; category=&#8221;press-and-news&#8221; order=&#8221;DESC&#8221; orderby=&#8221;date&#8221; blog_remove_post_author=&#8221;true&#8221; blog_remove_post_comment_number=&#8221;true&#8221; blog_remove_post_nectar_love=&#8221;true&#8221; posts_per_page=&#8221;99&#8243; post_offset=&#8221;1&#8243;][\/vc_column][\/vc_row]\n","protected":false},"excerpt":{"rendered":"<p>[vc_row type=&#8221;in_container&#8221; full_screen_row_position=&#8221;middle&#8221; column_margin=&#8221;default&#8221; column_direction=&#8221;default&#8221; column_direction_tablet=&#8221;default&#8221; column_direction_phone=&#8221;default&#8221; scene_position=&#8221;center&#8221; top_padding=&#8221;3%&#8221; bottom_padding=&#8221;3%&#8221; text_color=&#8221;dark&#8221; text_align=&#8221;left&#8221; row_border_radius=&#8221;none&#8221; row_border_radius_applies=&#8221;bg&#8221; overlay_strength=&#8221;0.3&#8243; gradient_direction=&#8221;left_to_right&#8221; shape_divider_color=&#8221;#89a399&#8243; shape_divider_position=&#8221;both&#8221; bg_image_animation=&#8221;none&#8221; shape_type=&#8221;waves_opacity_alt&#8221;][vc_column column_padding=&#8221;no-extra-padding&#8221; column_padding_tablet=&#8221;inherit&#8221; column_padding_phone=&#8221;inherit&#8221; column_padding_position=&#8221;all&#8221; background_color_opacity=&#8221;1&#8243; background_hover_color_opacity=&#8221;1&#8243; column_shadow=&#8221;none&#8221; column_border_radius=&#8221;none&#8221; column_link_target=&#8221;_self&#8221; gradient_direction=&#8221;left_to_right&#8221;&#8230;<\/p>\n","protected":false},"author":5,"featured_media":0,"parent":0,"menu_order":0,"comment_status":"closed","ping_status":"closed","template":"","meta":[],"yoast_head":"<!-- This site is optimized with the Yoast SEO plugin v18.4.1 - https:\/\/yoast.com\/wordpress\/plugins\/seo\/ -->\n<title>Press and news - ORO Brands<\/title>\n<meta name=\"robots\" content=\"index, follow, max-snippet:-1, max-image-preview:large, max-video-preview:-1\" \/>\n<link rel=\"canonical\" href=\"https:\/\/orobrands.es\/en\/press-and-news\/\" \/>\n<meta property=\"og:locale\" content=\"en_US\" \/>\n<meta property=\"og:type\" content=\"article\" \/>\n<meta property=\"og:title\" content=\"Press and news - ORO Brands\" \/>\n<meta property=\"og:description\" content=\"[vc_row type=&#8221;in_container&#8221; full_screen_row_position=&#8221;middle&#8221; column_margin=&#8221;default&#8221; column_direction=&#8221;default&#8221; column_direction_tablet=&#8221;default&#8221; column_direction_phone=&#8221;default&#8221; scene_position=&#8221;center&#8221; top_padding=&#8221;3%&#8221; bottom_padding=&#8221;3%&#8221; text_color=&#8221;dark&#8221; text_align=&#8221;left&#8221; row_border_radius=&#8221;none&#8221; row_border_radius_applies=&#8221;bg&#8221; overlay_strength=&#8221;0.3&#8243; gradient_direction=&#8221;left_to_right&#8221; shape_divider_color=&#8221;#89a399&#8243; shape_divider_position=&#8221;both&#8221; bg_image_animation=&#8221;none&#8221; shape_type=&#8221;waves_opacity_alt&#8221;][vc_column column_padding=&#8221;no-extra-padding&#8221; column_padding_tablet=&#8221;inherit&#8221; column_padding_phone=&#8221;inherit&#8221; column_padding_position=&#8221;all&#8221; background_color_opacity=&#8221;1&#8243; background_hover_color_opacity=&#8221;1&#8243; column_shadow=&#8221;none&#8221; column_border_radius=&#8221;none&#8221; column_link_target=&#8221;_self&#8221; gradient_direction=&#8221;left_to_right&#8221;...\" \/>\n<meta property=\"og:url\" content=\"https:\/\/orobrands.es\/en\/press-and-news\/\" \/>\n<meta property=\"og:site_name\" content=\"ORO Brands\" \/>\n<meta property=\"article:modified_time\" content=\"2020-11-16T15:59:39+00:00\" \/>\n<meta name=\"twitter:card\" content=\"summary_large_image\" \/>\n<meta name=\"twitter:label1\" content=\"Est. reading time\" \/>\n\t<meta name=\"twitter:data1\" content=\"1 minute\" \/>\n<script type=\"application\/ld+json\" class=\"yoast-schema-graph\">{\"@context\":\"https:\/\/schema.org\",\"@graph\":[{\"@type\":\"Organization\",\"@id\":\"https:\/\/orobrands.es\/#organization\",\"name\":\"Oro - Altair\",\"url\":\"https:\/\/orobrands.es\/\",\"sameAs\":[],\"logo\":{\"@type\":\"ImageObject\",\"@id\":\"https:\/\/orobrands.es\/#logo\",\"inLanguage\":\"en-US\",\"url\":\"https:\/\/orobrands.es\/wp-content\/uploads\/2020\/10\/Logo_en-color.png\",\"contentUrl\":\"https:\/\/orobrands.es\/wp-content\/uploads\/2020\/10\/Logo_en-color.png\",\"width\":5001,\"height\":5001,\"caption\":\"Oro - Altair\"},\"image\":{\"@id\":\"https:\/\/orobrands.es\/#logo\"}},{\"@type\":\"WebSite\",\"@id\":\"https:\/\/orobrands.es\/#website\",\"url\":\"https:\/\/orobrands.es\/\",\"name\":\"ORO Brands\",\"description\":\"La compa\u00f1\u00eda en la que las familias conf\u00edan para cuidar y proteger sus hogares.\",\"publisher\":{\"@id\":\"https:\/\/orobrands.es\/#organization\"},\"potentialAction\":[{\"@type\":\"SearchAction\",\"target\":{\"@type\":\"EntryPoint\",\"urlTemplate\":\"https:\/\/orobrands.es\/?s={search_term_string}\"},\"query-input\":\"required name=search_term_string\"}],\"inLanguage\":\"en-US\"},{\"@type\":\"WebPage\",\"@id\":\"https:\/\/orobrands.es\/en\/press-and-news\/#webpage\",\"url\":\"https:\/\/orobrands.es\/en\/press-and-news\/\",\"name\":\"Press and news - ORO Brands\",\"isPartOf\":{\"@id\":\"https:\/\/orobrands.es\/#website\"},\"datePublished\":\"2020-11-16T11:06:50+00:00\",\"dateModified\":\"2020-11-16T15:59:39+00:00\",\"breadcrumb\":{\"@id\":\"https:\/\/orobrands.es\/en\/press-and-news\/#breadcrumb\"},\"inLanguage\":\"en-US\",\"potentialAction\":[{\"@type\":\"ReadAction\",\"target\":[\"https:\/\/orobrands.es\/en\/press-and-news\/\"]}]},{\"@type\":\"BreadcrumbList\",\"@id\":\"https:\/\/orobrands.es\/en\/press-and-news\/#breadcrumb\",\"itemListElement\":[{\"@type\":\"ListItem\",\"position\":1,\"name\":\"Portada\",\"item\":\"https:\/\/orobrands.es\/en\/\"},{\"@type\":\"ListItem\",\"position\":2,\"name\":\"Press and news\"}]}]}<\/script>\n<!-- \/ Yoast SEO plugin. -->","yoast_head_json":{"title":"Press and news - ORO Brands","robots":{"index":"index","follow":"follow","max-snippet":"max-snippet:-1","max-image-preview":"max-image-preview:large","max-video-preview":"max-video-preview:-1"},"canonical":"https:\/\/orobrands.es\/en\/press-and-news\/","og_locale":"en_US","og_type":"article","og_title":"Press and news - ORO Brands","og_description":"[vc_row type=&#8221;in_container&#8221; full_screen_row_position=&#8221;middle&#8221; column_margin=&#8221;default&#8221; column_direction=&#8221;default&#8221; column_direction_tablet=&#8221;default&#8221; column_direction_phone=&#8221;default&#8221; scene_position=&#8221;center&#8221; top_padding=&#8221;3%&#8221; bottom_padding=&#8221;3%&#8221; text_color=&#8221;dark&#8221; text_align=&#8221;left&#8221; row_border_radius=&#8221;none&#8221; row_border_radius_applies=&#8221;bg&#8221; overlay_strength=&#8221;0.3&#8243; gradient_direction=&#8221;left_to_right&#8221; shape_divider_color=&#8221;#89a399&#8243; shape_divider_position=&#8221;both&#8221; bg_image_animation=&#8221;none&#8221; shape_type=&#8221;waves_opacity_alt&#8221;][vc_column column_padding=&#8221;no-extra-padding&#8221; column_padding_tablet=&#8221;inherit&#8221; column_padding_phone=&#8221;inherit&#8221; column_padding_position=&#8221;all&#8221; background_color_opacity=&#8221;1&#8243; background_hover_color_opacity=&#8221;1&#8243; column_shadow=&#8221;none&#8221; column_border_radius=&#8221;none&#8221; column_link_target=&#8221;_self&#8221; gradient_direction=&#8221;left_to_right&#8221;...","og_url":"https:\/\/orobrands.es\/en\/press-and-news\/","og_site_name":"ORO Brands","article_modified_time":"2020-11-16T15:59:39+00:00","twitter_card":"summary_large_image","twitter_misc":{"Est. reading time":"1 minute"},"schema":{"@context":"https:\/\/schema.org","@graph":[{"@type":"Organization","@id":"https:\/\/orobrands.es\/#organization","name":"Oro - Altair","url":"https:\/\/orobrands.es\/","sameAs":[],"logo":{"@type":"ImageObject","@id":"https:\/\/orobrands.es\/#logo","inLanguage":"en-US","url":"https:\/\/orobrands.es\/wp-content\/uploads\/2020\/10\/Logo_en-color.png","contentUrl":"https:\/\/orobrands.es\/wp-content\/uploads\/2020\/10\/Logo_en-color.png","width":5001,"height":5001,"caption":"Oro - Altair"},"image":{"@id":"https:\/\/orobrands.es\/#logo"}},{"@type":"WebSite","@id":"https:\/\/orobrands.es\/#website","url":"https:\/\/orobrands.es\/","name":"ORO Brands","description":"La compa\u00f1\u00eda en la que las familias conf\u00edan para cuidar y proteger sus hogares.","publisher":{"@id":"https:\/\/orobrands.es\/#organization"},"potentialAction":[{"@type":"SearchAction","target":{"@type":"EntryPoint","urlTemplate":"https:\/\/orobrands.es\/?s={search_term_string}"},"query-input":"required name=search_term_string"}],"inLanguage":"en-US"},{"@type":"WebPage","@id":"https:\/\/orobrands.es\/en\/press-and-news\/#webpage","url":"https:\/\/orobrands.es\/en\/press-and-news\/","name":"Press and news - ORO Brands","isPartOf":{"@id":"https:\/\/orobrands.es\/#website"},"datePublished":"2020-11-16T11:06:50+00:00","dateModified":"2020-11-16T15:59:39+00:00","breadcrumb":{"@id":"https:\/\/orobrands.es\/en\/press-and-news\/#breadcrumb"},"inLanguage":"en-US","potentialAction":[{"@type":"ReadAction","target":["https:\/\/orobrands.es\/en\/press-and-news\/"]}]},{"@type":"BreadcrumbList","@id":"https:\/\/orobrands.es\/en\/press-and-news\/#breadcrumb","itemListElement":[{"@type":"ListItem","position":1,"name":"Portada","item":"https:\/\/orobrands.es\/en\/"},{"@type":"ListItem","position":2,"name":"Press and news"}]}]}},"_links":{"self":[{"href":"https:\/\/orobrands.es\/en\/wp-json\/wp\/v2\/pages\/901"}],"collection":[{"href":"https:\/\/orobrands.es\/en\/wp-json\/wp\/v2\/pages"}],"about":[{"href":"https:\/\/orobrands.es\/en\/wp-json\/wp\/v2\/types\/page"}],"author":[{"embeddable":true,"href":"https:\/\/orobrands.es\/en\/wp-json\/wp\/v2\/users\/5"}],"replies":[{"embeddable":true,"href":"https:\/\/orobrands.es\/en\/wp-json\/wp\/v2\/comments?post=901"}],"version-history":[{"count":2,"href":"https:\/\/orobrands.es\/en\/wp-json\/wp\/v2\/pages\/901\/revisions"}],"predecessor-version":[{"id":957,"href":"https:\/\/orobrands.es\/en\/wp-json\/wp\/v2\/pages\/901\/revisions\/957"}],"wp:attachment":[{"href":"https:\/\/orobrands.es\/en\/wp-json\/wp\/v2\/media?parent=901"}],"curies":[{"name":"wp","href":"https:\/\/api.w.org\/{rel}","templated":true}]}}