{"id":940,"date":"2020-11-16T15:39:21","date_gmt":"2020-11-16T15:39:21","guid":{"rendered":"https:\/\/orobrands.es\/?page_id=940"},"modified":"2020-11-19T16:09:35","modified_gmt":"2020-11-19T16:09:35","slug":"work-with-us","status":"publish","type":"page","link":"https:\/\/orobrands.es\/en\/work-with-us\/","title":{"rendered":"Work with us"},"content":{"rendered":"[vc_row type=&#8221;in_container&#8221; full_screen_row_position=&#8221;middle&#8221; column_margin=&#8221;default&#8221; equal_height=&#8221;yes&#8221; content_placement=&#8221;middle&#8221; column_direction=&#8221;default&#8221; column_direction_tablet=&#8221;default&#8221; column_direction_phone=&#8221;default&#8221; scene_position=&#8221;center&#8221; top_padding=&#8221;60&#8243; bottom_padding=&#8221;60&#8243; text_color=&#8221;dark&#8221; text_align=&#8221;center&#8221; row_border_radius=&#8221;none&#8221; row_border_radius_applies=&#8221;bg&#8221; overlay_strength=&#8221;0.3&#8243; gradient_direction=&#8221;left_to_right&#8221; shape_divider_position=&#8221;bottom&#8221; bg_image_animation=&#8221;none&#8221; shape_type=&#8221;&#8221;][vc_column column_padding=&#8221;padding-10-percent&#8221; column_padding_tablet=&#8221;inherit&#8221; column_padding_phone=&#8221;inherit&#8221; column_padding_position=&#8221;left-right&#8221; background_color_opacity=&#8221;1&#8243; background_hover_color_opacity=&#8221;1&#8243; column_shadow=&#8221;none&#8221; column_border_radius=&#8221;none&#8221; column_link_target=&#8221;_self&#8221; gradient_direction=&#8221;left_to_right&#8221; overlay_strength=&#8221;0.3&#8243; width=&#8221;1\/1&#8243; tablet_width_inherit=&#8221;default&#8221; tablet_text_alignment=&#8221;default&#8221; phone_text_alignment=&#8221;default&#8221; column_border_width=&#8221;none&#8221; column_border_style=&#8221;solid&#8221; bg_image_animation=&#8221;none&#8221;][vc_column_text css_animation=&#8221;fadeInUp&#8221; el_class=&#8221;destacado-velarte&#8221; max_width=&#8221;800&#8243;]\n<h1 style=\"text-align: center;\"><span style=\"color: #8d6e2e;\"><span lang=\"EN\">Work with us<\/span><\/span><\/h1>\n<h3 class=\"align-center\" style=\"text-align: center;\"><span lang=\"EN\">Are you interested in working with us? Fill in the form with a view to us contacting you when we require a profile such as yours<\/span>.<\/h3>\n[\/vc_column_text][\/vc_column][\/vc_row][vc_row type=&#8221;full_width_content&#8221; full_screen_row_position=&#8221;middle&#8221; column_margin=&#8221;default&#8221; column_direction=&#8221;default&#8221; column_direction_tablet=&#8221;default&#8221; column_direction_phone=&#8221;default&#8221; bg_image=&#8221;49&#8243; bg_position=&#8221;center center&#8221; bg_repeat=&#8221;no-repeat&#8221; scene_position=&#8221;center&#8221; top_padding=&#8221;130&#8243; bottom_padding=&#8221;130&#8243; text_color=&#8221;dark&#8221; text_align=&#8221;left&#8221; row_border_radius=&#8221;none&#8221; row_border_radius_applies=&#8221;bg&#8221; zindex=&#8221;100&#8243; enable_gradient=&#8221;true&#8221; overlay_strength=&#8221;0.95&#8243; gradient_direction=&#8221;left_t_to_right_b&#8221; shape_divider_position=&#8221;bottom&#8221; bg_image_animation=&#8221;none&#8221; parallax_bg=&#8221;true&#8221; parallax_bg_speed=&#8221;slow&#8221; shape_type=&#8221;&#8221;][vc_column column_padding=&#8221;padding-3-percent&#8221; column_padding_tablet=&#8221;inherit&#8221; column_padding_phone=&#8221;inherit&#8221; column_padding_position=&#8221;left-right&#8221; centered_text=&#8221;true&#8221; background_color_opacity=&#8221;1&#8243; background_hover_color_opacity=&#8221;1&#8243; column_shadow=&#8221;none&#8221; column_border_radius=&#8221;none&#8221; column_link_target=&#8221;_self&#8221; gradient_direction=&#8221;left_to_right&#8221; overlay_strength=&#8221;0.3&#8243; width=&#8221;1\/1&#8243; tablet_width_inherit=&#8221;default&#8221; tablet_text_alignment=&#8221;default&#8221; phone_text_alignment=&#8221;default&#8221; column_border_width=&#8221;none&#8221; column_border_style=&#8221;solid&#8221; bg_image_animation=&#8221;none&#8221;][\/vc_column][\/vc_row][vc_row type=&#8221;in_container&#8221; full_screen_row_position=&#8221;middle&#8221; column_margin=&#8221;default&#8221; column_direction=&#8221;default&#8221; column_direction_tablet=&#8221;default&#8221; column_direction_phone=&#8221;default&#8221; scene_position=&#8221;center&#8221; text_color=&#8221;dark&#8221; text_align=&#8221;left&#8221; row_border_radius=&#8221;none&#8221; row_border_radius_applies=&#8221;bg&#8221; overlay_strength=&#8221;0.3&#8243; gradient_direction=&#8221;left_to_right&#8221; shape_divider_position=&#8221;bottom&#8221; bg_image_animation=&#8221;none&#8221;][vc_column column_padding=&#8221;padding-10-percent&#8221; column_padding_tablet=&#8221;inherit&#8221; column_padding_phone=&#8221;inherit&#8221; column_padding_position=&#8221;left-right&#8221; top_margin=&#8221;-100&#8243; background_color=&#8221;#ffffff&#8221; background_color_opacity=&#8221;1&#8243; background_hover_color_opacity=&#8221;1&#8243; column_shadow=&#8221;none&#8221; column_border_radius=&#8221;none&#8221; column_link_target=&#8221;_self&#8221; gradient_direction=&#8221;left_to_right&#8221; overlay_strength=&#8221;0.3&#8243; width=&#8221;1\/1&#8243; tablet_width_inherit=&#8221;default&#8221; tablet_text_alignment=&#8221;default&#8221; phone_text_alignment=&#8221;default&#8221; column_border_width=&#8221;none&#8221; column_border_style=&#8221;solid&#8221; bg_image_animation=&#8221;none&#8221;][divider line_type=&#8221;No Line&#8221; custom_height=&#8221;60&#8243;][vc_column_text]\n<h1 style=\"text-align: center;\"><span lang=\"EN\">Send us your CV<\/span><\/h1>\n[\/vc_column_text][divider line_type=&#8221;No Line&#8221; custom_height=&#8221;15&#8243;][toggles style=&#8221;minimal&#8221;][toggle color=&#8221;Accent-Color&#8221; title=&#8221;Fill in the form&#8221;]<div role=\"form\" class=\"wpcf7\" id=\"wpcf7-f939-o1\" lang=\"es-ES\" dir=\"ltr\">\n<div class=\"screen-reader-response\"><p role=\"status\" aria-live=\"polite\" aria-atomic=\"true\"><\/p> <ul><\/ul><\/div>\n<form action=\"\/en\/wp-json\/wp\/v2\/pages\/940#wpcf7-f939-o1\" method=\"post\" class=\"wpcf7-form init\" enctype=\"multipart\/form-data\" novalidate=\"novalidate\" data-status=\"init\">\n<div style=\"display: none;\">\n<input type=\"hidden\" name=\"_wpcf7\" value=\"939\" \/>\n<input type=\"hidden\" name=\"_wpcf7_version\" value=\"5.5.6\" \/>\n<input type=\"hidden\" name=\"_wpcf7_locale\" value=\"es_ES\" \/>\n<input type=\"hidden\" name=\"_wpcf7_unit_tag\" value=\"wpcf7-f939-o1\" \/>\n<input type=\"hidden\" name=\"_wpcf7_container_post\" value=\"0\" \/>\n<input type=\"hidden\" name=\"_wpcf7_posted_data_hash\" value=\"\" \/>\n<\/div>\n<p><label> Your name (obligatory)<br \/>\n    <span class=\"wpcf7-form-control-wrap your-name\"><input type=\"text\" name=\"your-name\" value=\"\" size=\"40\" class=\"wpcf7-form-control wpcf7-text wpcf7-validates-as-required\" aria-required=\"true\" aria-invalid=\"false\" \/><\/span> <\/label><\/p>\n<p><label> Surnames (obligatory)<br \/>\n    <span class=\"wpcf7-form-control-wrap your-apellidos\"><input type=\"text\" name=\"your-apellidos\" value=\"\" size=\"40\" class=\"wpcf7-form-control wpcf7-text wpcf7-validates-as-required\" aria-required=\"true\" aria-invalid=\"false\" \/><\/span> <\/label><\/p>\n<p><label> Your email (obligatory)<br \/>\n    <span class=\"wpcf7-form-control-wrap your-email\"><input type=\"email\" name=\"your-email\" value=\"\" size=\"40\" class=\"wpcf7-form-control wpcf7-text wpcf7-email wpcf7-validates-as-required wpcf7-validates-as-email\" aria-required=\"true\" aria-invalid=\"false\" \/><\/span> <\/label><\/p>\n<p><label> Telephone (obligatory)<br \/>\n    <span class=\"wpcf7-form-control-wrap your-telefono\"><input type=\"text\" name=\"your-telefono\" value=\"\" size=\"40\" class=\"wpcf7-form-control wpcf7-text wpcf7-validates-as-required\" aria-required=\"true\" aria-invalid=\"false\" \/><\/span> <\/label><\/p>\n<p><label> Select the department you are interested in (obligatory)<br \/>\n    <span class=\"wpcf7-form-control-wrap departamento\"><select name=\"departamento\" class=\"wpcf7-form-control wpcf7-select wpcf7-validates-as-required\" aria-required=\"true\" aria-invalid=\"false\"><option value=\"\">Select the department<\/option><option value=\"Logistics.\">Logistics.<\/option><option value=\"Marketing.\">Marketing.<\/option><option value=\"Sales.\">Sales.<\/option><option value=\"Administration.\">Administration.<\/option><option value=\"Production.\">Production.<\/option><option value=\"Others.\">Others.<\/option><\/select><\/span><\/label><\/p>\n<p><label> Your message<br \/>\n    <span class=\"wpcf7-form-control-wrap textarea-382\"><textarea name=\"textarea-382\" cols=\"40\" rows=\"10\" class=\"wpcf7-form-control wpcf7-textarea\" aria-invalid=\"false\"><\/textarea><\/span> <\/label><\/p>\n<p><label> Attach your CV. (obligatory) maximum 2mb (doc or pdf)<br \/>\n<span class=\"wpcf7-form-control-wrap cv-file\"><input type=\"file\" name=\"cv-file\" size=\"40\" class=\"wpcf7-form-control wpcf7-file wpcf7-validates-as-required\" accept=\".doc,.pdf\" aria-required=\"true\" aria-invalid=\"false\" \/><\/span><\/label><\/p>\n<p><span class=\"wpcf7-form-control-wrap acceptance-84\"><span class=\"wpcf7-form-control wpcf7-acceptance\"><span class=\"wpcf7-list-item\"><label><input type=\"checkbox\" name=\"acceptance-84\" value=\"1\" aria-invalid=\"false\" \/><span class=\"wpcf7-list-item-label\">I accept the <a href=\"https:\/\/orobrands.es\/politica-privacidad\/\" target=\"_blank\">terms, conditions and privacy policy<\/a> of the page<\/span><\/label><\/span><\/span><\/span><\/p>\n<p><input type=\"submit\" value=\"Send\" class=\"wpcf7-form-control has-spinner wpcf7-submit\" \/><\/p>\n<div class=\"wpcf7-response-output\" aria-hidden=\"true\"><\/div><\/form><\/div>[divider line_type=&#8221;No Line&#8221; custom_height=&#8221;30&#8243;][vc_column_text el_class=&#8221;minitext&#8221;]<span style=\"font-weight: 400;\"><span lang=\"EN\">In accordance with current data protection legislation, we hereby provide you with basic information on the processing of the data collected on this form. You can also consult additional information in our\u00a0<\/span><span lang=\"EN\"><a href=\"https:\/\/orobrands.es\/politica-privacidad\/\"><b>Privacy Policy<\/b><\/a><\/span><b><span lang=\"EN\">.\u00a0<\/span><\/b><\/span><\/p>\n<p><span style=\"font-weight: 400;\"><span lang=\"EN\">Data Controller: QU\u00cdMICAS ORO S.A.U.\u00a0<\/span><\/span><\/p>\n<p><span style=\"font-weight: 400;\"><span lang=\"EN\">The purpose of the processing is to manage and respond to your requests or queries, and to maintain the contacts and relations that arise as a result thereof. <\/span><\/span><\/p>\n<p><span style=\"font-weight: 400;\"><span lang=\"EN\">Legal basis: The unequivocal consent upon contacting us and providing your data for this purpose, which may also be the legitimate interest or need to manage a contractual relationship or pre-contractual measures. <\/span><\/span><\/p>\n<p><span style=\"font-weight: 400;\"><span lang=\"EN\">We do not transfer your data to third parties and they will be kept for as long as our business relationship is maintained. <\/span><\/span><\/p>\n<p><span lang=\"EN\">Rights: Access, rectification, deletion, opposition, limitation of processing, portability by contacting us at: <a href=\"mailto:info@oro-altair.com\">info@oro-altair.com<\/a> or as indicated in our data protection policy.<\/span>[\/vc_column_text][\/toggle][\/toggles][\/vc_column][\/vc_row]\n","protected":false},"excerpt":{"rendered":"<p>[vc_row type=&#8221;in_container&#8221; full_screen_row_position=&#8221;middle&#8221; column_margin=&#8221;default&#8221; equal_height=&#8221;yes&#8221; content_placement=&#8221;middle&#8221; column_direction=&#8221;default&#8221; column_direction_tablet=&#8221;default&#8221; column_direction_phone=&#8221;default&#8221; scene_position=&#8221;center&#8221; top_padding=&#8221;60&#8243; bottom_padding=&#8221;60&#8243; text_color=&#8221;dark&#8221; text_align=&#8221;center&#8221; row_border_radius=&#8221;none&#8221; row_border_radius_applies=&#8221;bg&#8221; overlay_strength=&#8221;0.3&#8243; gradient_direction=&#8221;left_to_right&#8221; shape_divider_position=&#8221;bottom&#8221; bg_image_animation=&#8221;none&#8221; shape_type=&#8221;&#8221;][vc_column column_padding=&#8221;padding-10-percent&#8221; column_padding_tablet=&#8221;inherit&#8221; column_padding_phone=&#8221;inherit&#8221; column_padding_position=&#8221;left-right&#8221; background_color_opacity=&#8221;1&#8243; background_hover_color_opacity=&#8221;1&#8243; column_shadow=&#8221;none&#8221; column_border_radius=&#8221;none&#8221; column_link_target=&#8221;_self&#8221;&#8230;<\/p>\n","protected":false},"author":5,"featured_media":0,"parent":0,"menu_order":0,"comment_status":"closed","ping_status":"closed","template":"","meta":[],"yoast_head":"<!-- This site is optimized with the Yoast SEO plugin v18.4.1 - https:\/\/yoast.com\/wordpress\/plugins\/seo\/ -->\n<title>Work with us - ORO Brands<\/title>\n<meta name=\"robots\" content=\"index, follow, max-snippet:-1, max-image-preview:large, max-video-preview:-1\" \/>\n<link rel=\"canonical\" href=\"https:\/\/orobrands.es\/en\/work-with-us\/\" \/>\n<meta property=\"og:locale\" content=\"en_US\" \/>\n<meta property=\"og:type\" content=\"article\" \/>\n<meta property=\"og:title\" content=\"Work with us - ORO Brands\" \/>\n<meta property=\"og:description\" content=\"[vc_row type=&#8221;in_container&#8221; full_screen_row_position=&#8221;middle&#8221; column_margin=&#8221;default&#8221; equal_height=&#8221;yes&#8221; content_placement=&#8221;middle&#8221; column_direction=&#8221;default&#8221; column_direction_tablet=&#8221;default&#8221; column_direction_phone=&#8221;default&#8221; scene_position=&#8221;center&#8221; top_padding=&#8221;60&#8243; bottom_padding=&#8221;60&#8243; text_color=&#8221;dark&#8221; text_align=&#8221;center&#8221; row_border_radius=&#8221;none&#8221; row_border_radius_applies=&#8221;bg&#8221; overlay_strength=&#8221;0.3&#8243; gradient_direction=&#8221;left_to_right&#8221; shape_divider_position=&#8221;bottom&#8221; bg_image_animation=&#8221;none&#8221; shape_type=&#8221;&#8221;][vc_column column_padding=&#8221;padding-10-percent&#8221; column_padding_tablet=&#8221;inherit&#8221; column_padding_phone=&#8221;inherit&#8221; column_padding_position=&#8221;left-right&#8221; background_color_opacity=&#8221;1&#8243; background_hover_color_opacity=&#8221;1&#8243; column_shadow=&#8221;none&#8221; column_border_radius=&#8221;none&#8221; column_link_target=&#8221;_self&#8221;...\" \/>\n<meta property=\"og:url\" content=\"https:\/\/orobrands.es\/en\/work-with-us\/\" \/>\n<meta property=\"og:site_name\" content=\"ORO Brands\" \/>\n<meta property=\"article:modified_time\" content=\"2020-11-19T16:09:35+00:00\" \/>\n<meta name=\"twitter:card\" content=\"summary_large_image\" \/>\n<meta name=\"twitter:label1\" content=\"Est. reading time\" \/>\n\t<meta name=\"twitter:data1\" content=\"3 minutes\" \/>\n<script type=\"application\/ld+json\" class=\"yoast-schema-graph\">{\"@context\":\"https:\/\/schema.org\",\"@graph\":[{\"@type\":\"Organization\",\"@id\":\"https:\/\/orobrands.es\/#organization\",\"name\":\"Oro - Altair\",\"url\":\"https:\/\/orobrands.es\/\",\"sameAs\":[],\"logo\":{\"@type\":\"ImageObject\",\"@id\":\"https:\/\/orobrands.es\/#logo\",\"inLanguage\":\"en-US\",\"url\":\"https:\/\/orobrands.es\/wp-content\/uploads\/2020\/10\/Logo_en-color.png\",\"contentUrl\":\"https:\/\/orobrands.es\/wp-content\/uploads\/2020\/10\/Logo_en-color.png\",\"width\":5001,\"height\":5001,\"caption\":\"Oro - Altair\"},\"image\":{\"@id\":\"https:\/\/orobrands.es\/#logo\"}},{\"@type\":\"WebSite\",\"@id\":\"https:\/\/orobrands.es\/#website\",\"url\":\"https:\/\/orobrands.es\/\",\"name\":\"ORO Brands\",\"description\":\"La compa\u00f1\u00eda en la que las familias conf\u00edan para cuidar y proteger sus hogares.\",\"publisher\":{\"@id\":\"https:\/\/orobrands.es\/#organization\"},\"potentialAction\":[{\"@type\":\"SearchAction\",\"target\":{\"@type\":\"EntryPoint\",\"urlTemplate\":\"https:\/\/orobrands.es\/?s={search_term_string}\"},\"query-input\":\"required name=search_term_string\"}],\"inLanguage\":\"en-US\"},{\"@type\":\"WebPage\",\"@id\":\"https:\/\/orobrands.es\/en\/work-with-us\/#webpage\",\"url\":\"https:\/\/orobrands.es\/en\/work-with-us\/\",\"name\":\"Work with us - ORO Brands\",\"isPartOf\":{\"@id\":\"https:\/\/orobrands.es\/#website\"},\"datePublished\":\"2020-11-16T15:39:21+00:00\",\"dateModified\":\"2020-11-19T16:09:35+00:00\",\"breadcrumb\":{\"@id\":\"https:\/\/orobrands.es\/en\/work-with-us\/#breadcrumb\"},\"inLanguage\":\"en-US\",\"potentialAction\":[{\"@type\":\"ReadAction\",\"target\":[\"https:\/\/orobrands.es\/en\/work-with-us\/\"]}]},{\"@type\":\"BreadcrumbList\",\"@id\":\"https:\/\/orobrands.es\/en\/work-with-us\/#breadcrumb\",\"itemListElement\":[{\"@type\":\"ListItem\",\"position\":1,\"name\":\"Portada\",\"item\":\"https:\/\/orobrands.es\/en\/\"},{\"@type\":\"ListItem\",\"position\":2,\"name\":\"Work with us\"}]}]}<\/script>\n<!-- \/ Yoast SEO plugin. -->","yoast_head_json":{"title":"Work with us - ORO Brands","robots":{"index":"index","follow":"follow","max-snippet":"max-snippet:-1","max-image-preview":"max-image-preview:large","max-video-preview":"max-video-preview:-1"},"canonical":"https:\/\/orobrands.es\/en\/work-with-us\/","og_locale":"en_US","og_type":"article","og_title":"Work with us - ORO Brands","og_description":"[vc_row type=&#8221;in_container&#8221; full_screen_row_position=&#8221;middle&#8221; column_margin=&#8221;default&#8221; equal_height=&#8221;yes&#8221; content_placement=&#8221;middle&#8221; column_direction=&#8221;default&#8221; column_direction_tablet=&#8221;default&#8221; column_direction_phone=&#8221;default&#8221; scene_position=&#8221;center&#8221; top_padding=&#8221;60&#8243; bottom_padding=&#8221;60&#8243; text_color=&#8221;dark&#8221; text_align=&#8221;center&#8221; row_border_radius=&#8221;none&#8221; row_border_radius_applies=&#8221;bg&#8221; overlay_strength=&#8221;0.3&#8243; gradient_direction=&#8221;left_to_right&#8221; shape_divider_position=&#8221;bottom&#8221; bg_image_animation=&#8221;none&#8221; shape_type=&#8221;&#8221;][vc_column column_padding=&#8221;padding-10-percent&#8221; column_padding_tablet=&#8221;inherit&#8221; column_padding_phone=&#8221;inherit&#8221; column_padding_position=&#8221;left-right&#8221; background_color_opacity=&#8221;1&#8243; background_hover_color_opacity=&#8221;1&#8243; column_shadow=&#8221;none&#8221; column_border_radius=&#8221;none&#8221; column_link_target=&#8221;_self&#8221;...","og_url":"https:\/\/orobrands.es\/en\/work-with-us\/","og_site_name":"ORO Brands","article_modified_time":"2020-11-19T16:09:35+00:00","twitter_card":"summary_large_image","twitter_misc":{"Est. reading time":"3 minutes"},"schema":{"@context":"https:\/\/schema.org","@graph":[{"@type":"Organization","@id":"https:\/\/orobrands.es\/#organization","name":"Oro - Altair","url":"https:\/\/orobrands.es\/","sameAs":[],"logo":{"@type":"ImageObject","@id":"https:\/\/orobrands.es\/#logo","inLanguage":"en-US","url":"https:\/\/orobrands.es\/wp-content\/uploads\/2020\/10\/Logo_en-color.png","contentUrl":"https:\/\/orobrands.es\/wp-content\/uploads\/2020\/10\/Logo_en-color.png","width":5001,"height":5001,"caption":"Oro - Altair"},"image":{"@id":"https:\/\/orobrands.es\/#logo"}},{"@type":"WebSite","@id":"https:\/\/orobrands.es\/#website","url":"https:\/\/orobrands.es\/","name":"ORO Brands","description":"La compa\u00f1\u00eda en la que las familias conf\u00edan para cuidar y proteger sus hogares.","publisher":{"@id":"https:\/\/orobrands.es\/#organization"},"potentialAction":[{"@type":"SearchAction","target":{"@type":"EntryPoint","urlTemplate":"https:\/\/orobrands.es\/?s={search_term_string}"},"query-input":"required name=search_term_string"}],"inLanguage":"en-US"},{"@type":"WebPage","@id":"https:\/\/orobrands.es\/en\/work-with-us\/#webpage","url":"https:\/\/orobrands.es\/en\/work-with-us\/","name":"Work with us - ORO Brands","isPartOf":{"@id":"https:\/\/orobrands.es\/#website"},"datePublished":"2020-11-16T15:39:21+00:00","dateModified":"2020-11-19T16:09:35+00:00","breadcrumb":{"@id":"https:\/\/orobrands.es\/en\/work-with-us\/#breadcrumb"},"inLanguage":"en-US","potentialAction":[{"@type":"ReadAction","target":["https:\/\/orobrands.es\/en\/work-with-us\/"]}]},{"@type":"BreadcrumbList","@id":"https:\/\/orobrands.es\/en\/work-with-us\/#breadcrumb","itemListElement":[{"@type":"ListItem","position":1,"name":"Portada","item":"https:\/\/orobrands.es\/en\/"},{"@type":"ListItem","position":2,"name":"Work with us"}]}]}},"_links":{"self":[{"href":"https:\/\/orobrands.es\/en\/wp-json\/wp\/v2\/pages\/940"}],"collection":[{"href":"https:\/\/orobrands.es\/en\/wp-json\/wp\/v2\/pages"}],"about":[{"href":"https:\/\/orobrands.es\/en\/wp-json\/wp\/v2\/types\/page"}],"author":[{"embeddable":true,"href":"https:\/\/orobrands.es\/en\/wp-json\/wp\/v2\/users\/5"}],"replies":[{"embeddable":true,"href":"https:\/\/orobrands.es\/en\/wp-json\/wp\/v2\/comments?post=940"}],"version-history":[{"count":4,"href":"https:\/\/orobrands.es\/en\/wp-json\/wp\/v2\/pages\/940\/revisions"}],"predecessor-version":[{"id":989,"href":"https:\/\/orobrands.es\/en\/wp-json\/wp\/v2\/pages\/940\/revisions\/989"}],"wp:attachment":[{"href":"https:\/\/orobrands.es\/en\/wp-json\/wp\/v2\/media?parent=940"}],"curies":[{"name":"wp","href":"https:\/\/api.w.org\/{rel}","templated":true}]}}