{"id":878,"date":"2020-11-13T11:25:40","date_gmt":"2020-11-13T11:25:40","guid":{"rendered":"https:\/\/orobrands.es\/?page_id=878"},"modified":"2020-11-19T16:12:04","modified_gmt":"2020-11-19T16:12:04","slug":"travaillez-avec-nous","status":"publish","type":"page","link":"https:\/\/orobrands.es\/fr\/travaillez-avec-nous\/","title":{"rendered":"Travaillez avec nous"},"content":{"rendered":"[vc_row type=\u00a0\u00bbin_container\u00a0\u00bb full_screen_row_position=\u00a0\u00bbmiddle\u00a0\u00bb column_margin=\u00a0\u00bbdefault\u00a0\u00bb equal_height=\u00a0\u00bbyes\u00a0\u00bb content_placement=\u00a0\u00bbmiddle\u00a0\u00bb column_direction=\u00a0\u00bbdefault\u00a0\u00bb column_direction_tablet=\u00a0\u00bbdefault\u00a0\u00bb column_direction_phone=\u00a0\u00bbdefault\u00a0\u00bb scene_position=\u00a0\u00bbcenter\u00a0\u00bb top_padding=\u00a0\u00bb60&Prime; bottom_padding=\u00a0\u00bb60&Prime; text_color=\u00a0\u00bbdark\u00a0\u00bb text_align=\u00a0\u00bbcenter\u00a0\u00bb row_border_radius=\u00a0\u00bbnone\u00a0\u00bb row_border_radius_applies=\u00a0\u00bbbg\u00a0\u00bb overlay_strength=\u00a0\u00bb0.3&Prime; gradient_direction=\u00a0\u00bbleft_to_right\u00a0\u00bb shape_divider_position=\u00a0\u00bbbottom\u00a0\u00bb bg_image_animation=\u00a0\u00bbnone\u00a0\u00bb shape_type=\u00a0\u00bb\u00a0\u00bb][vc_column column_padding=\u00a0\u00bbpadding-10-percent\u00a0\u00bb column_padding_tablet=\u00a0\u00bbinherit\u00a0\u00bb column_padding_phone=\u00a0\u00bbinherit\u00a0\u00bb column_padding_position=\u00a0\u00bbleft-right\u00a0\u00bb background_color_opacity=\u00a0\u00bb1&Prime; background_hover_color_opacity=\u00a0\u00bb1&Prime; column_shadow=\u00a0\u00bbnone\u00a0\u00bb column_border_radius=\u00a0\u00bbnone\u00a0\u00bb column_link_target=\u00a0\u00bb_self\u00a0\u00bb gradient_direction=\u00a0\u00bbleft_to_right\u00a0\u00bb overlay_strength=\u00a0\u00bb0.3&Prime; width=\u00a0\u00bb1\/1&Prime; tablet_width_inherit=\u00a0\u00bbdefault\u00a0\u00bb tablet_text_alignment=\u00a0\u00bbdefault\u00a0\u00bb phone_text_alignment=\u00a0\u00bbdefault\u00a0\u00bb column_border_width=\u00a0\u00bbnone\u00a0\u00bb column_border_style=\u00a0\u00bbsolid\u00a0\u00bb bg_image_animation=\u00a0\u00bbnone\u00a0\u00bb][vc_column_text css_animation=\u00a0\u00bbfadeInUp\u00a0\u00bb el_class=\u00a0\u00bbdestacado-velarte\u00a0\u00bb max_width=\u00a0\u00bb800&Prime;]\n<h1 style=\"text-align: center;\"><span style=\"color: #8d6e2e;\">Travaillez avec nous<\/span><\/h1>\n<h3 class=\"align-center\" style=\"text-align: center;\">Vous \u00eates int\u00e9ress\u00e9 par un emploi dans notre entreprise? Remplissez le formulaire afin de pouvoir vous contacter lorsque nous aurons besoin d\u2019un profil comme le v\u00f4tre.<\/h3>\n[\/vc_column_text][\/vc_column][\/vc_row][vc_row type=\u00a0\u00bbfull_width_content\u00a0\u00bb full_screen_row_position=\u00a0\u00bbmiddle\u00a0\u00bb column_margin=\u00a0\u00bbdefault\u00a0\u00bb column_direction=\u00a0\u00bbdefault\u00a0\u00bb column_direction_tablet=\u00a0\u00bbdefault\u00a0\u00bb column_direction_phone=\u00a0\u00bbdefault\u00a0\u00bb bg_image=\u00a0\u00bb49&Prime; bg_position=\u00a0\u00bbcenter center\u00a0\u00bb bg_repeat=\u00a0\u00bbno-repeat\u00a0\u00bb scene_position=\u00a0\u00bbcenter\u00a0\u00bb top_padding=\u00a0\u00bb130&Prime; bottom_padding=\u00a0\u00bb130&Prime; text_color=\u00a0\u00bbdark\u00a0\u00bb text_align=\u00a0\u00bbleft\u00a0\u00bb row_border_radius=\u00a0\u00bbnone\u00a0\u00bb row_border_radius_applies=\u00a0\u00bbbg\u00a0\u00bb zindex=\u00a0\u00bb100&Prime; enable_gradient=\u00a0\u00bbtrue\u00a0\u00bb overlay_strength=\u00a0\u00bb0.95&Prime; gradient_direction=\u00a0\u00bbleft_t_to_right_b\u00a0\u00bb shape_divider_position=\u00a0\u00bbbottom\u00a0\u00bb bg_image_animation=\u00a0\u00bbnone\u00a0\u00bb parallax_bg=\u00a0\u00bbtrue\u00a0\u00bb parallax_bg_speed=\u00a0\u00bbslow\u00a0\u00bb shape_type=\u00a0\u00bb\u00a0\u00bb][vc_column column_padding=\u00a0\u00bbpadding-3-percent\u00a0\u00bb column_padding_tablet=\u00a0\u00bbinherit\u00a0\u00bb column_padding_phone=\u00a0\u00bbinherit\u00a0\u00bb column_padding_position=\u00a0\u00bbleft-right\u00a0\u00bb centered_text=\u00a0\u00bbtrue\u00a0\u00bb background_color_opacity=\u00a0\u00bb1&Prime; background_hover_color_opacity=\u00a0\u00bb1&Prime; column_shadow=\u00a0\u00bbnone\u00a0\u00bb column_border_radius=\u00a0\u00bbnone\u00a0\u00bb column_link_target=\u00a0\u00bb_self\u00a0\u00bb gradient_direction=\u00a0\u00bbleft_to_right\u00a0\u00bb overlay_strength=\u00a0\u00bb0.3&Prime; width=\u00a0\u00bb1\/1&Prime; tablet_width_inherit=\u00a0\u00bbdefault\u00a0\u00bb tablet_text_alignment=\u00a0\u00bbdefault\u00a0\u00bb phone_text_alignment=\u00a0\u00bbdefault\u00a0\u00bb column_border_width=\u00a0\u00bbnone\u00a0\u00bb column_border_style=\u00a0\u00bbsolid\u00a0\u00bb bg_image_animation=\u00a0\u00bbnone\u00a0\u00bb][\/vc_column][\/vc_row][vc_row type=\u00a0\u00bbin_container\u00a0\u00bb full_screen_row_position=\u00a0\u00bbmiddle\u00a0\u00bb column_margin=\u00a0\u00bbdefault\u00a0\u00bb column_direction=\u00a0\u00bbdefault\u00a0\u00bb column_direction_tablet=\u00a0\u00bbdefault\u00a0\u00bb column_direction_phone=\u00a0\u00bbdefault\u00a0\u00bb scene_position=\u00a0\u00bbcenter\u00a0\u00bb text_color=\u00a0\u00bbdark\u00a0\u00bb text_align=\u00a0\u00bbleft\u00a0\u00bb row_border_radius=\u00a0\u00bbnone\u00a0\u00bb row_border_radius_applies=\u00a0\u00bbbg\u00a0\u00bb overlay_strength=\u00a0\u00bb0.3&Prime; gradient_direction=\u00a0\u00bbleft_to_right\u00a0\u00bb shape_divider_position=\u00a0\u00bbbottom\u00a0\u00bb bg_image_animation=\u00a0\u00bbnone\u00a0\u00bb][vc_column column_padding=\u00a0\u00bbpadding-10-percent\u00a0\u00bb column_padding_tablet=\u00a0\u00bbinherit\u00a0\u00bb column_padding_phone=\u00a0\u00bbinherit\u00a0\u00bb column_padding_position=\u00a0\u00bbleft-right\u00a0\u00bb top_margin=\u00a0\u00bb-100&Prime; background_color=\u00a0\u00bb#ffffff\u00a0\u00bb background_color_opacity=\u00a0\u00bb1&Prime; background_hover_color_opacity=\u00a0\u00bb1&Prime; column_shadow=\u00a0\u00bbnone\u00a0\u00bb column_border_radius=\u00a0\u00bbnone\u00a0\u00bb column_link_target=\u00a0\u00bb_self\u00a0\u00bb gradient_direction=\u00a0\u00bbleft_to_right\u00a0\u00bb overlay_strength=\u00a0\u00bb0.3&Prime; width=\u00a0\u00bb1\/1&Prime; tablet_width_inherit=\u00a0\u00bbdefault\u00a0\u00bb tablet_text_alignment=\u00a0\u00bbdefault\u00a0\u00bb phone_text_alignment=\u00a0\u00bbdefault\u00a0\u00bb column_border_width=\u00a0\u00bbnone\u00a0\u00bb column_border_style=\u00a0\u00bbsolid\u00a0\u00bb bg_image_animation=\u00a0\u00bbnone\u00a0\u00bb][divider line_type=\u00a0\u00bbNo Line\u00a0\u00bb custom_height=\u00a0\u00bb60&Prime;][vc_column_text]\n<h1 style=\"text-align: center;\">Envoyez-nous votre CV<\/h1>\n[\/vc_column_text][divider line_type=\u00a0\u00bbNo Line\u00a0\u00bb custom_height=\u00a0\u00bb15&Prime;][toggles style=\u00a0\u00bbminimal\u00a0\u00bb][toggle color=\u00a0\u00bbAccent-Color\u00a0\u00bb title=\u00a0\u00bbRemplissez le formulaire\u00a0\u00bb]<div role=\"form\" class=\"wpcf7\" id=\"wpcf7-f880-o1\" lang=\"es-ES\" dir=\"ltr\">\n<div class=\"screen-reader-response\"><p role=\"status\" aria-live=\"polite\" aria-atomic=\"true\"><\/p> <ul><\/ul><\/div>\n<form action=\"\/fr\/wp-json\/wp\/v2\/pages\/878#wpcf7-f880-o1\" method=\"post\" class=\"wpcf7-form init\" enctype=\"multipart\/form-data\" novalidate=\"novalidate\" data-status=\"init\">\n<div style=\"display: none;\">\n<input type=\"hidden\" name=\"_wpcf7\" value=\"880\" \/>\n<input type=\"hidden\" name=\"_wpcf7_version\" value=\"5.5.6\" \/>\n<input type=\"hidden\" name=\"_wpcf7_locale\" value=\"es_ES\" \/>\n<input type=\"hidden\" name=\"_wpcf7_unit_tag\" value=\"wpcf7-f880-o1\" \/>\n<input type=\"hidden\" name=\"_wpcf7_container_post\" value=\"0\" \/>\n<input type=\"hidden\" name=\"_wpcf7_posted_data_hash\" value=\"\" \/>\n<\/div>\n<p><label> Pr\u00e9nom (obligatoire)<br \/>\n    <span class=\"wpcf7-form-control-wrap your-name\"><input type=\"text\" name=\"your-name\" value=\"\" size=\"40\" class=\"wpcf7-form-control wpcf7-text wpcf7-validates-as-required\" aria-required=\"true\" aria-invalid=\"false\" \/><\/span> <\/label><\/p>\n<p><label> Nom(s) (obligatoire)<br \/>\n    <span class=\"wpcf7-form-control-wrap your-apellidos\"><input type=\"text\" name=\"your-apellidos\" value=\"\" size=\"40\" class=\"wpcf7-form-control wpcf7-text wpcf7-validates-as-required\" aria-required=\"true\" aria-invalid=\"false\" \/><\/span> <\/label><\/p>\n<p><label> Adresse \u00e9lectronique (obligatoire)<br \/>\n    <span class=\"wpcf7-form-control-wrap your-email\"><input type=\"email\" name=\"your-email\" value=\"\" size=\"40\" class=\"wpcf7-form-control wpcf7-text wpcf7-email wpcf7-validates-as-required wpcf7-validates-as-email\" aria-required=\"true\" aria-invalid=\"false\" \/><\/span> <\/label><\/p>\n<p><label> Num\u00e9ro de t\u00e9l\u00e9phone (obligatoire)<br \/>\n    <span class=\"wpcf7-form-control-wrap your-telefono\"><input type=\"text\" name=\"your-telefono\" value=\"\" size=\"40\" class=\"wpcf7-form-control wpcf7-text wpcf7-validates-as-required\" aria-required=\"true\" aria-invalid=\"false\" \/><\/span> <\/label><\/p>\n<p><label> S\u00e9lectionnez le service dans lequel vous souhaitez postuler (obligatoire)<br \/>\n    <span class=\"wpcf7-form-control-wrap departamento\"><select name=\"departamento\" class=\"wpcf7-form-control wpcf7-select wpcf7-validates-as-required\" aria-required=\"true\" aria-invalid=\"false\"><option value=\"\">S\u00e9lectionner un service<\/option><option value=\"Logistique.\">Logistique.<\/option><option value=\"Marketing.\">Marketing.<\/option><option value=\"Commercial.\">Commercial.<\/option><option value=\"Administration.\">Administration.<\/option><option value=\"Production.\">Production.<\/option><option value=\"Autres.\">Autres.<\/option><\/select><\/span><\/label><\/p>\n<p><label> Objet<br \/>\n    <span class=\"wpcf7-form-control-wrap textarea-382\"><textarea name=\"textarea-382\" cols=\"40\" rows=\"10\" class=\"wpcf7-form-control wpcf7-textarea\" aria-invalid=\"false\"><\/textarea><\/span> <\/label><\/p>\n<p><label> Veuillez joindre votre CV (obligatoire, en .doc ou .pdf, maximum 2mb)<br \/>\n<span class=\"wpcf7-form-control-wrap cv-file\"><input type=\"file\" name=\"cv-file\" size=\"40\" class=\"wpcf7-form-control wpcf7-file wpcf7-validates-as-required\" accept=\".doc,.pdf\" aria-required=\"true\" aria-invalid=\"false\" \/><\/span><\/label><\/p>\n<p><span class=\"wpcf7-form-control-wrap acceptance-84\"><span class=\"wpcf7-form-control wpcf7-acceptance\"><span class=\"wpcf7-list-item\"><label><input type=\"checkbox\" name=\"acceptance-84\" value=\"1\" aria-invalid=\"false\" \/><span class=\"wpcf7-list-item-label\">J'accepte les <a href=\"https:\/\/orobrands.es\/politica-privacidad\/\" target=\"_blank\">termes, conditions et politique de confidentialit\u00e9<\/a> de la page<\/span><\/label><\/span><\/span><\/span><\/p>\n<p><input type=\"submit\" value=\"Envoyer\" class=\"wpcf7-form-control has-spinner wpcf7-submit\" \/><\/p>\n<div class=\"wpcf7-response-output\" aria-hidden=\"true\"><\/div><\/form><\/div>[divider line_type=\u00a0\u00bbNo Line\u00a0\u00bb custom_height=\u00a0\u00bb30&Prime;][vc_column_text el_class=\u00a0\u00bbminitext\u00a0\u00bb]Conform\u00e9ment \u00e0 la r\u00e9glementation en vigueur en mati\u00e8re de protection des donn\u00e9es, nous vous fournissons des informations de base sur le traitement des donn\u00e9es recueillies dans ce formulaire. Pour en savoir plus, consultez notre <a href=\"https:\/\/orobrands.es\/politica-privacidad\/#terminos-condiciones\">politique de confidentialit\u00e9.<\/a><\/p>\n<p>Responsable du traitement : QUIMICAS ORO S.A.U.<\/p>\n<p>L&rsquo;objectif du traitement est de r\u00e9pondre \u00e0 vos demandes ou requ\u00eates et de pouvoir assurer les contacts et les relations qui en d\u00e9coulent.<\/p>\n<p>Bases l\u00e9gales : un consentement clairement exprim\u00e9 lors de la prise de contact et de la transmission de vos donn\u00e9es \u00e0 cette fin, mais aussi un int\u00e9r\u00eat l\u00e9gitime ou la n\u00e9cessit\u00e9 d&rsquo;assurer la bonne ex\u00e9cution d&rsquo;une relation contractuelle ou de mesures pr\u00e9contractuelles.<\/p>\n<p>Nous ne transmettons pas vos donn\u00e9es \u00e0 des tiers et celles-ci seront conserv\u00e9es pendant toute la dur\u00e9e de la relation commerciale qui nous lie.<\/p>\n<p>Vous pouvez exercer vos droits d&rsquo;acc\u00e8s, de rectification, de suppression, d&rsquo;opposition, de limitation au traitement et de portabilit\u00e9 en nous contactant \u00e0 l&rsquo;adresse suivante : <a href=\"mailto:info@oro-altair.com\">info@oro-altair.com<\/a> ou par les autres moyens indiqu\u00e9s dans notre politique de protection des donn\u00e9es.[\/vc_column_text][\/toggle][\/toggles][\/vc_column][\/vc_row]\n","protected":false},"excerpt":{"rendered":"<p>[vc_row type=\u00a0\u00bbin_container\u00a0\u00bb full_screen_row_position=\u00a0\u00bbmiddle\u00a0\u00bb column_margin=\u00a0\u00bbdefault\u00a0\u00bb equal_height=\u00a0\u00bbyes\u00a0\u00bb content_placement=\u00a0\u00bbmiddle\u00a0\u00bb column_direction=\u00a0\u00bbdefault\u00a0\u00bb column_direction_tablet=\u00a0\u00bbdefault\u00a0\u00bb column_direction_phone=\u00a0\u00bbdefault\u00a0\u00bb scene_position=\u00a0\u00bbcenter\u00a0\u00bb top_padding=\u00a0\u00bb60&Prime; bottom_padding=\u00a0\u00bb60&Prime; text_color=\u00a0\u00bbdark\u00a0\u00bb text_align=\u00a0\u00bbcenter\u00a0\u00bb row_border_radius=\u00a0\u00bbnone\u00a0\u00bb row_border_radius_applies=\u00a0\u00bbbg\u00a0\u00bb overlay_strength=\u00a0\u00bb0.3&Prime; gradient_direction=\u00a0\u00bbleft_to_right\u00a0\u00bb shape_divider_position=\u00a0\u00bbbottom\u00a0\u00bb bg_image_animation=\u00a0\u00bbnone\u00a0\u00bb shape_type=\u00a0\u00bb\u00a0\u00bb][vc_column column_padding=\u00a0\u00bbpadding-10-percent\u00a0\u00bb column_padding_tablet=\u00a0\u00bbinherit\u00a0\u00bb column_padding_phone=\u00a0\u00bbinherit\u00a0\u00bb column_padding_position=\u00a0\u00bbleft-right\u00a0\u00bb background_color_opacity=\u00a0\u00bb1&Prime; background_hover_color_opacity=\u00a0\u00bb1&Prime; column_shadow=\u00a0\u00bbnone\u00a0\u00bb column_border_radius=\u00a0\u00bbnone\u00a0\u00bb column_link_target=\u00a0\u00bb_self\u00a0\u00bb&#8230;<\/p>\n","protected":false},"author":5,"featured_media":0,"parent":0,"menu_order":0,"comment_status":"closed","ping_status":"closed","template":"","meta":[],"yoast_head":"<!-- This site is optimized with the Yoast SEO plugin v18.4.1 - https:\/\/yoast.com\/wordpress\/plugins\/seo\/ -->\n<title>Travaillez avec nous - ORO Brands<\/title>\n<meta name=\"robots\" content=\"index, follow, max-snippet:-1, max-image-preview:large, max-video-preview:-1\" \/>\n<link rel=\"canonical\" href=\"https:\/\/orobrands.es\/fr\/travaillez-avec-nous\/\" \/>\n<meta property=\"og:locale\" content=\"fr_FR\" \/>\n<meta property=\"og:type\" content=\"article\" \/>\n<meta property=\"og:title\" content=\"Travaillez avec nous - ORO Brands\" \/>\n<meta property=\"og:description\" content=\"[vc_row type=\u00a0\u00bbin_container\u00a0\u00bb full_screen_row_position=\u00a0\u00bbmiddle\u00a0\u00bb column_margin=\u00a0\u00bbdefault\u00a0\u00bb equal_height=\u00a0\u00bbyes\u00a0\u00bb content_placement=\u00a0\u00bbmiddle\u00a0\u00bb column_direction=\u00a0\u00bbdefault\u00a0\u00bb column_direction_tablet=\u00a0\u00bbdefault\u00a0\u00bb column_direction_phone=\u00a0\u00bbdefault\u00a0\u00bb scene_position=\u00a0\u00bbcenter\u00a0\u00bb top_padding=\u00a0\u00bb60&Prime; bottom_padding=\u00a0\u00bb60&Prime; text_color=\u00a0\u00bbdark\u00a0\u00bb text_align=\u00a0\u00bbcenter\u00a0\u00bb row_border_radius=\u00a0\u00bbnone\u00a0\u00bb row_border_radius_applies=\u00a0\u00bbbg\u00a0\u00bb overlay_strength=\u00a0\u00bb0.3&Prime; gradient_direction=\u00a0\u00bbleft_to_right\u00a0\u00bb shape_divider_position=\u00a0\u00bbbottom\u00a0\u00bb bg_image_animation=\u00a0\u00bbnone\u00a0\u00bb shape_type=\u00a0\u00bb\u00a0\u00bb][vc_column column_padding=\u00a0\u00bbpadding-10-percent\u00a0\u00bb column_padding_tablet=\u00a0\u00bbinherit\u00a0\u00bb column_padding_phone=\u00a0\u00bbinherit\u00a0\u00bb column_padding_position=\u00a0\u00bbleft-right\u00a0\u00bb background_color_opacity=\u00a0\u00bb1&Prime; background_hover_color_opacity=\u00a0\u00bb1&Prime; column_shadow=\u00a0\u00bbnone\u00a0\u00bb column_border_radius=\u00a0\u00bbnone\u00a0\u00bb column_link_target=\u00a0\u00bb_self\u00a0\u00bb...\" \/>\n<meta property=\"og:url\" content=\"https:\/\/orobrands.es\/fr\/travaillez-avec-nous\/\" \/>\n<meta property=\"og:site_name\" content=\"ORO Brands\" \/>\n<meta property=\"article:modified_time\" content=\"2020-11-19T16:12:04+00:00\" \/>\n<meta name=\"twitter:card\" content=\"summary_large_image\" \/>\n<meta name=\"twitter:label1\" content=\"Dur\u00e9e de lecture estim\u00e9e\" \/>\n\t<meta name=\"twitter:data1\" content=\"4 minutes\" \/>\n<script type=\"application\/ld+json\" class=\"yoast-schema-graph\">{\"@context\":\"https:\/\/schema.org\",\"@graph\":[{\"@type\":\"Organization\",\"@id\":\"https:\/\/orobrands.es\/#organization\",\"name\":\"Oro - Altair\",\"url\":\"https:\/\/orobrands.es\/\",\"sameAs\":[],\"logo\":{\"@type\":\"ImageObject\",\"@id\":\"https:\/\/orobrands.es\/#logo\",\"inLanguage\":\"fr-FR\",\"url\":\"https:\/\/orobrands.es\/wp-content\/uploads\/2020\/10\/Logo_en-color.png\",\"contentUrl\":\"https:\/\/orobrands.es\/wp-content\/uploads\/2020\/10\/Logo_en-color.png\",\"width\":5001,\"height\":5001,\"caption\":\"Oro - Altair\"},\"image\":{\"@id\":\"https:\/\/orobrands.es\/#logo\"}},{\"@type\":\"WebSite\",\"@id\":\"https:\/\/orobrands.es\/#website\",\"url\":\"https:\/\/orobrands.es\/\",\"name\":\"ORO Brands\",\"description\":\"La compa\u00f1\u00eda en la que las familias conf\u00edan para cuidar y proteger sus hogares.\",\"publisher\":{\"@id\":\"https:\/\/orobrands.es\/#organization\"},\"potentialAction\":[{\"@type\":\"SearchAction\",\"target\":{\"@type\":\"EntryPoint\",\"urlTemplate\":\"https:\/\/orobrands.es\/?s={search_term_string}\"},\"query-input\":\"required name=search_term_string\"}],\"inLanguage\":\"fr-FR\"},{\"@type\":\"WebPage\",\"@id\":\"https:\/\/orobrands.es\/fr\/travaillez-avec-nous\/#webpage\",\"url\":\"https:\/\/orobrands.es\/fr\/travaillez-avec-nous\/\",\"name\":\"Travaillez avec nous - ORO Brands\",\"isPartOf\":{\"@id\":\"https:\/\/orobrands.es\/#website\"},\"datePublished\":\"2020-11-13T11:25:40+00:00\",\"dateModified\":\"2020-11-19T16:12:04+00:00\",\"breadcrumb\":{\"@id\":\"https:\/\/orobrands.es\/fr\/travaillez-avec-nous\/#breadcrumb\"},\"inLanguage\":\"fr-FR\",\"potentialAction\":[{\"@type\":\"ReadAction\",\"target\":[\"https:\/\/orobrands.es\/fr\/travaillez-avec-nous\/\"]}]},{\"@type\":\"BreadcrumbList\",\"@id\":\"https:\/\/orobrands.es\/fr\/travaillez-avec-nous\/#breadcrumb\",\"itemListElement\":[{\"@type\":\"ListItem\",\"position\":1,\"name\":\"Portada\",\"item\":\"https:\/\/orobrands.es\/fr\/\"},{\"@type\":\"ListItem\",\"position\":2,\"name\":\"Travaillez avec nous\"}]}]}<\/script>\n<!-- \/ Yoast SEO plugin. -->","yoast_head_json":{"title":"Travaillez avec nous - ORO Brands","robots":{"index":"index","follow":"follow","max-snippet":"max-snippet:-1","max-image-preview":"max-image-preview:large","max-video-preview":"max-video-preview:-1"},"canonical":"https:\/\/orobrands.es\/fr\/travaillez-avec-nous\/","og_locale":"fr_FR","og_type":"article","og_title":"Travaillez avec nous - ORO Brands","og_description":"[vc_row type=\u00a0\u00bbin_container\u00a0\u00bb full_screen_row_position=\u00a0\u00bbmiddle\u00a0\u00bb column_margin=\u00a0\u00bbdefault\u00a0\u00bb equal_height=\u00a0\u00bbyes\u00a0\u00bb content_placement=\u00a0\u00bbmiddle\u00a0\u00bb column_direction=\u00a0\u00bbdefault\u00a0\u00bb column_direction_tablet=\u00a0\u00bbdefault\u00a0\u00bb column_direction_phone=\u00a0\u00bbdefault\u00a0\u00bb scene_position=\u00a0\u00bbcenter\u00a0\u00bb top_padding=\u00a0\u00bb60&Prime; bottom_padding=\u00a0\u00bb60&Prime; text_color=\u00a0\u00bbdark\u00a0\u00bb text_align=\u00a0\u00bbcenter\u00a0\u00bb row_border_radius=\u00a0\u00bbnone\u00a0\u00bb row_border_radius_applies=\u00a0\u00bbbg\u00a0\u00bb overlay_strength=\u00a0\u00bb0.3&Prime; gradient_direction=\u00a0\u00bbleft_to_right\u00a0\u00bb shape_divider_position=\u00a0\u00bbbottom\u00a0\u00bb bg_image_animation=\u00a0\u00bbnone\u00a0\u00bb shape_type=\u00a0\u00bb\u00a0\u00bb][vc_column column_padding=\u00a0\u00bbpadding-10-percent\u00a0\u00bb column_padding_tablet=\u00a0\u00bbinherit\u00a0\u00bb column_padding_phone=\u00a0\u00bbinherit\u00a0\u00bb column_padding_position=\u00a0\u00bbleft-right\u00a0\u00bb background_color_opacity=\u00a0\u00bb1&Prime; background_hover_color_opacity=\u00a0\u00bb1&Prime; column_shadow=\u00a0\u00bbnone\u00a0\u00bb column_border_radius=\u00a0\u00bbnone\u00a0\u00bb column_link_target=\u00a0\u00bb_self\u00a0\u00bb...","og_url":"https:\/\/orobrands.es\/fr\/travaillez-avec-nous\/","og_site_name":"ORO Brands","article_modified_time":"2020-11-19T16:12:04+00:00","twitter_card":"summary_large_image","twitter_misc":{"Dur\u00e9e de lecture estim\u00e9e":"4 minutes"},"schema":{"@context":"https:\/\/schema.org","@graph":[{"@type":"Organization","@id":"https:\/\/orobrands.es\/#organization","name":"Oro - Altair","url":"https:\/\/orobrands.es\/","sameAs":[],"logo":{"@type":"ImageObject","@id":"https:\/\/orobrands.es\/#logo","inLanguage":"fr-FR","url":"https:\/\/orobrands.es\/wp-content\/uploads\/2020\/10\/Logo_en-color.png","contentUrl":"https:\/\/orobrands.es\/wp-content\/uploads\/2020\/10\/Logo_en-color.png","width":5001,"height":5001,"caption":"Oro - Altair"},"image":{"@id":"https:\/\/orobrands.es\/#logo"}},{"@type":"WebSite","@id":"https:\/\/orobrands.es\/#website","url":"https:\/\/orobrands.es\/","name":"ORO Brands","description":"La compa\u00f1\u00eda en la que las familias conf\u00edan para cuidar y proteger sus hogares.","publisher":{"@id":"https:\/\/orobrands.es\/#organization"},"potentialAction":[{"@type":"SearchAction","target":{"@type":"EntryPoint","urlTemplate":"https:\/\/orobrands.es\/?s={search_term_string}"},"query-input":"required name=search_term_string"}],"inLanguage":"fr-FR"},{"@type":"WebPage","@id":"https:\/\/orobrands.es\/fr\/travaillez-avec-nous\/#webpage","url":"https:\/\/orobrands.es\/fr\/travaillez-avec-nous\/","name":"Travaillez avec nous - ORO Brands","isPartOf":{"@id":"https:\/\/orobrands.es\/#website"},"datePublished":"2020-11-13T11:25:40+00:00","dateModified":"2020-11-19T16:12:04+00:00","breadcrumb":{"@id":"https:\/\/orobrands.es\/fr\/travaillez-avec-nous\/#breadcrumb"},"inLanguage":"fr-FR","potentialAction":[{"@type":"ReadAction","target":["https:\/\/orobrands.es\/fr\/travaillez-avec-nous\/"]}]},{"@type":"BreadcrumbList","@id":"https:\/\/orobrands.es\/fr\/travaillez-avec-nous\/#breadcrumb","itemListElement":[{"@type":"ListItem","position":1,"name":"Portada","item":"https:\/\/orobrands.es\/fr\/"},{"@type":"ListItem","position":2,"name":"Travaillez avec nous"}]}]}},"_links":{"self":[{"href":"https:\/\/orobrands.es\/fr\/wp-json\/wp\/v2\/pages\/878"}],"collection":[{"href":"https:\/\/orobrands.es\/fr\/wp-json\/wp\/v2\/pages"}],"about":[{"href":"https:\/\/orobrands.es\/fr\/wp-json\/wp\/v2\/types\/page"}],"author":[{"embeddable":true,"href":"https:\/\/orobrands.es\/fr\/wp-json\/wp\/v2\/users\/5"}],"replies":[{"embeddable":true,"href":"https:\/\/orobrands.es\/fr\/wp-json\/wp\/v2\/comments?post=878"}],"version-history":[{"count":4,"href":"https:\/\/orobrands.es\/fr\/wp-json\/wp\/v2\/pages\/878\/revisions"}],"predecessor-version":[{"id":990,"href":"https:\/\/orobrands.es\/fr\/wp-json\/wp\/v2\/pages\/878\/revisions\/990"}],"wp:attachment":[{"href":"https:\/\/orobrands.es\/fr\/wp-json\/wp\/v2\/media?parent=878"}],"curies":[{"name":"wp","href":"https:\/\/api.w.org\/{rel}","templated":true}]}}